{"id":3,"date":"2024-03-27T08:28:09","date_gmt":"2024-03-27T07:28:09","guid":{"rendered":"http:\/\/grupovermell.ashproyectos.com\/?page_id=3"},"modified":"2024-04-10T15:00:25","modified_gmt":"2024-04-10T13:00:25","slug":"privacy-policy","status":"publish","type":"page","link":"https:\/\/grupovermell.com\/en\/privacy-policy\/","title":{"rendered":"Privacy Policy"},"content":{"rendered":"<div data-elementor-type=\"wp-page\" data-elementor-id=\"3\" class=\"elementor elementor-3\" data-elementor-post-type=\"page\">\n\t\t\t\t<div class=\"elementor-element elementor-element-37a39703 e-flex e-con-boxed e-con e-parent\" data-id=\"37a39703\" data-element_type=\"container\" data-e-type=\"container\">\n\t\t\t\t\t<div class=\"e-con-inner\">\n\t\t\t\t<div class=\"elementor-element elementor-element-be6a5de elementor-widget elementor-widget-heading\" data-id=\"be6a5de\" data-element_type=\"widget\" data-e-type=\"widget\" data-widget_type=\"heading.default\">\n\t\t\t\t<div class=\"elementor-widget-container\">\n\t\t\t\t\t<h1 class=\"elementor-heading-title elementor-size-default\">Privacy Policy<\/h1>\t\t\t\t<\/div>\n\t\t\t\t<\/div>\n\t\t\t\t<div class=\"elementor-element elementor-element-5878eb09 elementor-widget elementor-widget-text-editor\" data-id=\"5878eb09\" data-element_type=\"widget\" data-e-type=\"widget\" data-widget_type=\"text-editor.default\">\n\t\t\t\t<div class=\"elementor-widget-container\">\n\t\t\t\t\t\t\t\t\t\n<h2><strong>Responsible<\/strong><\/h2>\n\n<p>For the purposes of the provisions of the General Data Protection Regulation EU 2016\/679 of 27 April, hereinafter.\u00a0<strong>VERMELL<\/strong>\u00a0informs that the personal data collected through the contact form, user registration, or any other section of this page, will be included in a file which is responsible is\u00a0<strong>Vermell Projects And Reforms S.L.\u00a0<\/strong>TAX ID:<strong>\u00a0B5480244 (hereinafter VERMELL)<\/strong>with address at Paseo Libertad, n\u00ba6, 3\u00ba, Torrevieja, 03181, Alicante.<\/p>\n\n<h2><strong>Purpose<\/strong><\/h2>\n\n<p>In case you have filled in your data in the contact form or you have called us or sent us an e-mail requesting information,\u00a0<strong>VERMELL<\/strong>\u00a0will process your personal data in order to attend and manage your request, resolving the request for information that you may have requested.<\/p>\n\n<p>The processing of this personal data is based on the consent you give by actively submitting your request.<\/p>\n\n<h2><strong>Legitimacy of the treatment<\/strong><\/h2>\n\n<p>By sending the existing forms on this website, sending an email message, or requests for information received from the links to our social networks, the sender consents to the automated processing of the data included in them, this consent being the legitimate basis on which the processing of personal data is based.<\/p>\n\n<h2><strong>Data categories<\/strong><\/h2>\n\n<p>The data collected are strictly necessary for the correct identification of the sender, such as name or company name, address, email, telephone, contact person, IP address from which you access the registration or form, as well as the minimum data necessary to carry out the requested services or procedures. The fields marked with an asterisk must be filled in, so if they are not filled in we will not be able to attend your requests.<\/p>\n\n<h2><strong>Conservation periods.<\/strong><\/h2>\n\n<p>The data collected will be kept for the duration of the business relationship between the data subject and the data controller. The retention period may be extended on the basis of tax obligations that may arise from such business relationship.<\/p>\n\n<h2><strong>Data communication.<\/strong><\/h2>\n\n<p>We inform you that your data will never be provided to third parties under any circumstances, except in cases where such transfer or communication is essential to provide the requested services, as in the case of agencies, consultants, financial institutions, insurers, collection management, competent public administrations, or by the legally established assumptions.<\/p>\n\n<h2><strong>Safety measures.<\/strong><\/h2>\n\n<p><strong>VERMELL<\/strong>\u00a0informs you that the necessary technical and organizational security measures have been adopted to ensure the confidentiality, integrity and availability of your personal data, in compliance with the provisions of Article 32 of the RGPD.<\/p>\n\n<h2><strong>Rights of the data subject<\/strong><\/h2>\n\n<p>At any time you may exercise your rights to\u00a0<strong>access, rectification, suppression, limitation, portability, opposition, and not to be subject to automated decisions.<\/strong>by requesting it by mail\u00a0<strong>Vermell Projects And Reforms S.L.\u00a0<\/strong>TAX ID:<strong>\u00a0B5480244 (hereinafter VERMELL)<\/strong>with address at Paseo libertad, n\u00ba6, 3\u00ba, Torrevieja, 03181, Alicante or to the following e-mail address\u00a0<a href=\"mailto:info@grupovermell.com\">lopd@grupovermell.com<\/a><\/p>\n\n<p>These rights are very personal and shall be exercised by the interested party, with no other limitations than those provided for in the applicable legislation. However, the legal representative of the interested user may act when he\/she is in a situation of incapacity or minority that makes it impossible for him\/her to exercise them personally.<\/p>\n\n<p>Requests will be dealt with within thirty days of receipt. In the event that the File Manager considers that it is not appropriate to accede to the request made by the affected party, he\/she will inform him\/her with reasons and within the period indicated in the previous paragraph.<\/p>\n\n<p>You have the right to withdraw your consent to the processing of your data at any time. To exercise this right you only need to send us an email to\u00a0<a href=\"mailto:info@grupovermell.com\">lopd@grupovermell.com<\/a>\u00a0indicating in the subject line \"I wish to withdraw my consent to the processing of my data\".<\/p>\n\n<p>Likewise, you also have the right to file a complaint with the competent supervisory authority, which in the case of Spain is the Spanish Data Protection Agency, if your legitimate rights are violated.<\/p>\n\n<h2><strong>Contact and support<\/strong><\/h2>\n\n<p>If you need any clarification regarding the Legal Notice, Privacy Policy, or any other information displayed on this page, or additional information about our company, you can request it through the email address info@grupovermell.com.<\/p>\n\n<p>You can also contact us through our customer service phone number\u00a0<strong>965 715400<\/strong><\/p>\n\t\t\t\t\t\t\t\t<\/div>\n\t\t\t\t<\/div>\n\t\t\t\t\t<\/div>\n\t\t\t\t<\/div>\n\t\t\t\t<\/div>","protected":false},"excerpt":{"rendered":"<p>Privacy Policy Responsible For the purposes of the provisions of the General Data Protection Regulation EU 2016\/679 of 27 April, hereinafter VERMELL informs that the personal data collected through the contact form, user registration, or any other section of this page, will be included in a file whose responsible [...]<\/p>","protected":false},"author":1,"featured_media":0,"parent":0,"menu_order":0,"comment_status":"closed","ping_status":"closed","template":"","meta":{"footnotes":""},"class_list":["post-3","page","type-page","status-publish","hentry"],"yoast_head":"<!-- This site is optimized with the Yoast SEO plugin v26.3 - https:\/\/yoast.com\/wordpress\/plugins\/seo\/ -->\n<title>Pol\u00edtica de privacidad - Vermell<\/title>\n<meta name=\"robots\" content=\"index, follow, max-snippet:-1, max-image-preview:large, max-video-preview:-1\" \/>\n<link rel=\"canonical\" href=\"https:\/\/grupovermell.com\/en\/privacy-policy\/\" \/>\n<meta property=\"og:locale\" content=\"en_US\" \/>\n<meta property=\"og:type\" content=\"article\" \/>\n<meta property=\"og:title\" content=\"Pol\u00edtica de privacidad - Vermell\" \/>\n<meta property=\"og:description\" content=\"Pol\u00edtica de Privacidad Responsable A efecto de lo previsto en el Reglamento General de Protecci\u00f3n de Datos UE 2016\/679 de 27 de abril, en adelante\u00a0VERMELL\u00a0informa que los datos de car\u00e1cter personal recabados a trav\u00e9s del formulario de contacto, registro de usuarios, o cualquier otro apartado de esta p\u00e1gina, ser\u00e1n incluidos en un fichero cuyo responsable [&hellip;]\" \/>\n<meta property=\"og:url\" content=\"https:\/\/grupovermell.com\/en\/privacy-policy\/\" \/>\n<meta property=\"og:site_name\" content=\"Vermell\" \/>\n<meta property=\"article:modified_time\" content=\"2024-04-10T13:00:25+00:00\" \/>\n<meta name=\"twitter:card\" content=\"summary_large_image\" \/>\n<meta name=\"twitter:label1\" content=\"Est. reading time\" \/>\n\t<meta name=\"twitter:data1\" content=\"4 minutes\" \/>\n<script type=\"application\/ld+json\" class=\"yoast-schema-graph\">{\"@context\":\"https:\/\/schema.org\",\"@graph\":[{\"@type\":\"WebPage\",\"@id\":\"https:\/\/grupovermell.com\/politica-privacidad\/\",\"url\":\"https:\/\/grupovermell.com\/politica-privacidad\/\",\"name\":\"Pol\u00edtica de privacidad - Vermell\",\"isPartOf\":{\"@id\":\"https:\/\/grupovermell.com\/#website\"},\"datePublished\":\"2024-03-27T07:28:09+00:00\",\"dateModified\":\"2024-04-10T13:00:25+00:00\",\"breadcrumb\":{\"@id\":\"https:\/\/grupovermell.com\/politica-privacidad\/#breadcrumb\"},\"inLanguage\":\"en-US\",\"potentialAction\":[{\"@type\":\"ReadAction\",\"target\":[\"https:\/\/grupovermell.com\/politica-privacidad\/\"]}]},{\"@type\":\"BreadcrumbList\",\"@id\":\"https:\/\/grupovermell.com\/politica-privacidad\/#breadcrumb\",\"itemListElement\":[{\"@type\":\"ListItem\",\"position\":1,\"name\":\"Portada\",\"item\":\"https:\/\/grupovermell.com\/\"},{\"@type\":\"ListItem\",\"position\":2,\"name\":\"Pol\u00edtica de privacidad\"}]},{\"@type\":\"WebSite\",\"@id\":\"https:\/\/grupovermell.com\/#website\",\"url\":\"https:\/\/grupovermell.com\/\",\"name\":\"Vermell\",\"description\":\"Passionate about Properties\",\"publisher\":{\"@id\":\"https:\/\/grupovermell.com\/#organization\"},\"potentialAction\":[{\"@type\":\"SearchAction\",\"target\":{\"@type\":\"EntryPoint\",\"urlTemplate\":\"https:\/\/grupovermell.com\/?s={search_term_string}\"},\"query-input\":{\"@type\":\"PropertyValueSpecification\",\"valueRequired\":true,\"valueName\":\"search_term_string\"}}],\"inLanguage\":\"en-US\"},{\"@type\":\"Organization\",\"@id\":\"https:\/\/grupovermell.com\/#organization\",\"name\":\"Vermell\",\"url\":\"https:\/\/grupovermell.com\/\",\"logo\":{\"@type\":\"ImageObject\",\"inLanguage\":\"en-US\",\"@id\":\"https:\/\/grupovermell.com\/#\/schema\/logo\/image\/\",\"url\":\"https:\/\/grupovermell.com\/wp-content\/uploads\/2024\/03\/Logo-Vermel.png\",\"contentUrl\":\"https:\/\/grupovermell.com\/wp-content\/uploads\/2024\/03\/Logo-Vermel.png\",\"width\":600,\"height\":133,\"caption\":\"Vermell\"},\"image\":{\"@id\":\"https:\/\/grupovermell.com\/#\/schema\/logo\/image\/\"}}]}<\/script>\n<!-- \/ Yoast SEO plugin. -->","yoast_head_json":{"title":"Privacy policy - Vermell","robots":{"index":"index","follow":"follow","max-snippet":"max-snippet:-1","max-image-preview":"max-image-preview:large","max-video-preview":"max-video-preview:-1"},"canonical":"https:\/\/grupovermell.com\/en\/privacy-policy\/","og_locale":"en_US","og_type":"article","og_title":"Pol\u00edtica de privacidad - Vermell","og_description":"Pol\u00edtica de Privacidad Responsable A efecto de lo previsto en el Reglamento General de Protecci\u00f3n de Datos UE 2016\/679 de 27 de abril, en adelante\u00a0VERMELL\u00a0informa que los datos de car\u00e1cter personal recabados a trav\u00e9s del formulario de contacto, registro de usuarios, o cualquier otro apartado de esta p\u00e1gina, ser\u00e1n incluidos en un fichero cuyo responsable [&hellip;]","og_url":"https:\/\/grupovermell.com\/en\/privacy-policy\/","og_site_name":"Vermell","article_modified_time":"2024-04-10T13:00:25+00:00","twitter_card":"summary_large_image","twitter_misc":{"Est. reading time":"4 minutes"},"schema":{"@context":"https:\/\/schema.org","@graph":[{"@type":"WebPage","@id":"https:\/\/grupovermell.com\/politica-privacidad\/","url":"https:\/\/grupovermell.com\/politica-privacidad\/","name":"Privacy policy - Vermell","isPartOf":{"@id":"https:\/\/grupovermell.com\/#website"},"datePublished":"2024-03-27T07:28:09+00:00","dateModified":"2024-04-10T13:00:25+00:00","breadcrumb":{"@id":"https:\/\/grupovermell.com\/politica-privacidad\/#breadcrumb"},"inLanguage":"en-US","potentialAction":[{"@type":"ReadAction","target":["https:\/\/grupovermell.com\/politica-privacidad\/"]}]},{"@type":"BreadcrumbList","@id":"https:\/\/grupovermell.com\/politica-privacidad\/#breadcrumb","itemListElement":[{"@type":"ListItem","position":1,"name":"Portada","item":"https:\/\/grupovermell.com\/"},{"@type":"ListItem","position":2,"name":"Pol\u00edtica de privacidad"}]},{"@type":"WebSite","@id":"https:\/\/grupovermell.com\/#website","url":"https:\/\/grupovermell.com\/","name":"Vermell","description":"Passionate about Properties","publisher":{"@id":"https:\/\/grupovermell.com\/#organization"},"potentialAction":[{"@type":"SearchAction","target":{"@type":"EntryPoint","urlTemplate":"https:\/\/grupovermell.com\/?s={search_term_string}"},"query-input":{"@type":"PropertyValueSpecification","valueRequired":true,"valueName":"search_term_string"}}],"inLanguage":"en-US"},{"@type":"Organization","@id":"https:\/\/grupovermell.com\/#organization","name":"Vermell","url":"https:\/\/grupovermell.com\/","logo":{"@type":"ImageObject","inLanguage":"en-US","@id":"https:\/\/grupovermell.com\/#\/schema\/logo\/image\/","url":"https:\/\/grupovermell.com\/wp-content\/uploads\/2024\/03\/Logo-Vermel.png","contentUrl":"https:\/\/grupovermell.com\/wp-content\/uploads\/2024\/03\/Logo-Vermel.png","width":600,"height":133,"caption":"Vermell"},"image":{"@id":"https:\/\/grupovermell.com\/#\/schema\/logo\/image\/"}}]}},"_links":{"self":[{"href":"https:\/\/grupovermell.com\/en\/wp-json\/wp\/v2\/pages\/3","targetHints":{"allow":["GET"]}}],"collection":[{"href":"https:\/\/grupovermell.com\/en\/wp-json\/wp\/v2\/pages"}],"about":[{"href":"https:\/\/grupovermell.com\/en\/wp-json\/wp\/v2\/types\/page"}],"author":[{"embeddable":true,"href":"https:\/\/grupovermell.com\/en\/wp-json\/wp\/v2\/users\/1"}],"replies":[{"embeddable":true,"href":"https:\/\/grupovermell.com\/en\/wp-json\/wp\/v2\/comments?post=3"}],"version-history":[{"count":17,"href":"https:\/\/grupovermell.com\/en\/wp-json\/wp\/v2\/pages\/3\/revisions"}],"predecessor-version":[{"id":6247,"href":"https:\/\/grupovermell.com\/en\/wp-json\/wp\/v2\/pages\/3\/revisions\/6247"}],"wp:attachment":[{"href":"https:\/\/grupovermell.com\/en\/wp-json\/wp\/v2\/media?parent=3"}],"curies":[{"name":"wp","href":"https:\/\/api.w.org\/{rel}","templated":true}]}}