{"id":6959,"date":"2024-04-25T18:23:26","date_gmt":"2024-04-25T16:23:26","guid":{"rendered":"http:\/\/grupovermell.ashproyectos.com\/?page_id=6959"},"modified":"2024-06-12T13:43:31","modified_gmt":"2024-06-12T11:43:31","slug":"residential-menorca","status":"publish","type":"page","link":"https:\/\/grupovermell.com\/en\/completed-projects\/residential-menorca\/","title":{"rendered":"Menorca Residential"},"content":{"rendered":"<div data-elementor-type=\"wp-page\" data-elementor-id=\"6959\" class=\"elementor elementor-6959\" data-elementor-post-type=\"page\">\n\t\t\t\t<div class=\"elementor-element elementor-element-a253e1d e-con-full e-flex e-con e-parent\" data-id=\"a253e1d\" data-element_type=\"container\" data-e-type=\"container\" data-settings=\"{&quot;background_background&quot;:&quot;classic&quot;,&quot;sticky&quot;:&quot;top&quot;,&quot;sticky_on&quot;:[&quot;desktop&quot;,&quot;tablet&quot;,&quot;mobile&quot;],&quot;sticky_offset&quot;:0,&quot;sticky_effects_offset&quot;:0,&quot;sticky_anchor_link_offset&quot;:0}\">\n\t\t\t\t<div class=\"elementor-element elementor-element-97348ca elementor-widget__width-initial elementor-widget elementor-widget-heading\" data-id=\"97348ca\" data-element_type=\"widget\" data-e-type=\"widget\" data-widget_type=\"heading.default\">\n\t\t\t\t<div class=\"elementor-widget-container\">\n\t\t\t\t\t<h1 class=\"elementor-heading-title elementor-size-default\">Menorca Residential<\/h1>\t\t\t\t<\/div>\n\t\t\t\t<\/div>\n\t\t\t\t<\/div>\n\t\t<div class=\"elementor-element elementor-element-1d3bb3e e-con-full e-flex e-con e-parent\" data-id=\"1d3bb3e\" data-element_type=\"container\" data-e-type=\"container\" data-settings=\"{&quot;background_background&quot;:&quot;classic&quot;}\">\n\t\t\t\t<div class=\"elementor-element elementor-element-571a0ba elementor-invisible elementor-widget elementor-widget-heading\" data-id=\"571a0ba\" data-element_type=\"widget\" data-e-type=\"widget\" data-settings=\"{&quot;_animation&quot;:&quot;fadeInUp&quot;}\" data-widget_type=\"heading.default\">\n\t\t\t\t<div class=\"elementor-widget-container\">\n\t\t\t\t\t<h2 class=\"elementor-heading-title elementor-size-default\">Main features<\/h2>\t\t\t\t<\/div>\n\t\t\t\t<\/div>\n\t\t<div class=\"elementor-element elementor-element-0c66f32 e-con-full e-flex e-con e-child\" data-id=\"0c66f32\" data-element_type=\"container\" data-e-type=\"container\" data-settings=\"{&quot;background_background&quot;:&quot;classic&quot;}\">\n\t\t<div class=\"elementor-element elementor-element-290b8ba e-con-full e-flex e-con e-child\" data-id=\"290b8ba\" data-element_type=\"container\" data-e-type=\"container\">\n\t\t\t\t<div class=\"elementor-element elementor-element-0f70285 elementor-invisible elementor-widget elementor-widget-text-editor\" data-id=\"0f70285\" data-element_type=\"widget\" data-e-type=\"widget\" data-settings=\"{&quot;_animation&quot;:&quot;fadeInUp&quot;}\" data-widget_type=\"text-editor.default\">\n\t\t\t\t<div class=\"elementor-widget-container\">\n\t\t\t\t\t\t\t\t\t<p><strong>Constructed area<\/strong><br \/>119 m\u00b2<\/p>\t\t\t\t\t\t\t\t<\/div>\n\t\t\t\t<\/div>\n\t\t\t\t<div class=\"elementor-element elementor-element-1dc5ec7 elementor-widget-divider--view-line elementor-invisible elementor-widget elementor-widget-divider\" data-id=\"1dc5ec7\" data-element_type=\"widget\" data-e-type=\"widget\" data-settings=\"{&quot;_animation&quot;:&quot;fadeInUp&quot;}\" data-widget_type=\"divider.default\">\n\t\t\t\t<div class=\"elementor-widget-container\">\n\t\t\t\t\t\t\t<div class=\"elementor-divider\">\n\t\t\t<span class=\"elementor-divider-separator\">\n\t\t\t\t\t\t<\/span>\n\t\t<\/div>\n\t\t\t\t\t\t<\/div>\n\t\t\t\t<\/div>\n\t\t\t\t<div class=\"elementor-element elementor-element-d8cb719 elementor-invisible elementor-widget elementor-widget-text-editor\" data-id=\"d8cb719\" data-element_type=\"widget\" data-e-type=\"widget\" data-settings=\"{&quot;_animation&quot;:&quot;fadeInUp&quot;}\" data-widget_type=\"text-editor.default\">\n\t\t\t\t<div class=\"elementor-widget-container\">\n\t\t\t\t\t\t\t\t\t<p><strong>Terrace area<\/strong><br \/>200 m\u00b2<\/p>\t\t\t\t\t\t\t\t<\/div>\n\t\t\t\t<\/div>\n\t\t\t\t<div class=\"elementor-element elementor-element-02eda58 elementor-widget-divider--view-line elementor-invisible elementor-widget elementor-widget-divider\" data-id=\"02eda58\" data-element_type=\"widget\" data-e-type=\"widget\" data-settings=\"{&quot;_animation&quot;:&quot;fadeInUp&quot;}\" data-widget_type=\"divider.default\">\n\t\t\t\t<div class=\"elementor-widget-container\">\n\t\t\t\t\t\t\t<div class=\"elementor-divider\">\n\t\t\t<span class=\"elementor-divider-separator\">\n\t\t\t\t\t\t<\/span>\n\t\t<\/div>\n\t\t\t\t\t\t<\/div>\n\t\t\t\t<\/div>\n\t\t\t\t<div class=\"elementor-element elementor-element-06a3a9b elementor-invisible elementor-widget elementor-widget-text-editor\" data-id=\"06a3a9b\" data-element_type=\"widget\" data-e-type=\"widget\" data-settings=\"{&quot;_animation&quot;:&quot;fadeInUp&quot;}\" data-widget_type=\"text-editor.default\">\n\t\t\t\t<div class=\"elementor-widget-container\">\n\t\t\t\t\t\t\t\t\t<strong>Rooms<\/strong>\n<br>\n3\t\t\t\t\t\t\t\t<\/div>\n\t\t\t\t<\/div>\n\t\t\t\t<div class=\"elementor-element elementor-element-adeff55 elementor-widget-divider--view-line elementor-invisible elementor-widget elementor-widget-divider\" data-id=\"adeff55\" data-element_type=\"widget\" data-e-type=\"widget\" data-settings=\"{&quot;_animation&quot;:&quot;fadeInUp&quot;}\" data-widget_type=\"divider.default\">\n\t\t\t\t<div class=\"elementor-widget-container\">\n\t\t\t\t\t\t\t<div class=\"elementor-divider\">\n\t\t\t<span class=\"elementor-divider-separator\">\n\t\t\t\t\t\t<\/span>\n\t\t<\/div>\n\t\t\t\t\t\t<\/div>\n\t\t\t\t<\/div>\n\t\t\t\t<div class=\"elementor-element elementor-element-524b05f elementor-invisible elementor-widget elementor-widget-text-editor\" data-id=\"524b05f\" data-element_type=\"widget\" data-e-type=\"widget\" data-settings=\"{&quot;_animation&quot;:&quot;fadeInUp&quot;}\" data-widget_type=\"text-editor.default\">\n\t\t\t\t<div class=\"elementor-widget-container\">\n\t\t\t\t\t\t\t\t\t<strong>Toilets<\/strong>\n<br>\n2\t\t\t\t\t\t\t\t<\/div>\n\t\t\t\t<\/div>\n\t\t\t\t<div class=\"elementor-element elementor-element-0b5781e elementor-widget-divider--view-line elementor-invisible elementor-widget elementor-widget-divider\" data-id=\"0b5781e\" data-element_type=\"widget\" data-e-type=\"widget\" data-settings=\"{&quot;_animation&quot;:&quot;fadeInUp&quot;}\" data-widget_type=\"divider.default\">\n\t\t\t\t<div class=\"elementor-widget-container\">\n\t\t\t\t\t\t\t<div class=\"elementor-divider\">\n\t\t\t<span class=\"elementor-divider-separator\">\n\t\t\t\t\t\t<\/span>\n\t\t<\/div>\n\t\t\t\t\t\t<\/div>\n\t\t\t\t<\/div>\n\t\t\t\t<div class=\"elementor-element elementor-element-eca0ff6 elementor-invisible elementor-widget elementor-widget-text-editor\" data-id=\"eca0ff6\" data-element_type=\"widget\" data-e-type=\"widget\" data-settings=\"{&quot;_animation&quot;:&quot;fadeInUp&quot;}\" data-widget_type=\"text-editor.default\">\n\t\t\t\t<div class=\"elementor-widget-container\">\n\t\t\t\t\t\t\t\t\t<strong>Swimming pools<\/strong><br>\n1\t\t\t\t\t\t\t\t<\/div>\n\t\t\t\t<\/div>\n\t\t\t\t<div class=\"elementor-element elementor-element-4f6adb5 elementor-widget-divider--view-line elementor-invisible elementor-widget elementor-widget-divider\" data-id=\"4f6adb5\" data-element_type=\"widget\" data-e-type=\"widget\" data-settings=\"{&quot;_animation&quot;:&quot;fadeInUp&quot;}\" data-widget_type=\"divider.default\">\n\t\t\t\t<div class=\"elementor-widget-container\">\n\t\t\t\t\t\t\t<div class=\"elementor-divider\">\n\t\t\t<span class=\"elementor-divider-separator\">\n\t\t\t\t\t\t<\/span>\n\t\t<\/div>\n\t\t\t\t\t\t<\/div>\n\t\t\t\t<\/div>\n\t\t\t\t<\/div>\n\t\t<div class=\"elementor-element elementor-element-936f5c6 e-con-full e-flex e-con e-child\" data-id=\"936f5c6\" data-element_type=\"container\" data-e-type=\"container\">\n\t\t\t\t<div class=\"elementor-element elementor-element-859b38b elementor-widget elementor-widget-spacer\" data-id=\"859b38b\" data-element_type=\"widget\" data-e-type=\"widget\" data-widget_type=\"spacer.default\">\n\t\t\t\t<div class=\"elementor-widget-container\">\n\t\t\t\t\t\t\t<div class=\"elementor-spacer\">\n\t\t\t<div class=\"elementor-spacer-inner\"><\/div>\n\t\t<\/div>\n\t\t\t\t\t\t<\/div>\n\t\t\t\t<\/div>\n\t\t\t\t<div class=\"elementor-element elementor-element-79ce92d elementor-hidden-mobile elementor-widget-divider--view-line elementor-invisible elementor-widget elementor-widget-divider\" data-id=\"79ce92d\" data-element_type=\"widget\" data-e-type=\"widget\" data-settings=\"{&quot;_animation&quot;:&quot;fadeInUp&quot;}\" data-widget_type=\"divider.default\">\n\t\t\t\t<div class=\"elementor-widget-container\">\n\t\t\t\t\t\t\t<div class=\"elementor-divider\">\n\t\t\t<span class=\"elementor-divider-separator\">\n\t\t\t\t\t\t<\/span>\n\t\t<\/div>\n\t\t\t\t\t\t<\/div>\n\t\t\t\t<\/div>\n\t\t\t\t<div class=\"elementor-element elementor-element-be787c8 elementor-invisible elementor-widget elementor-widget-text-editor\" data-id=\"be787c8\" data-element_type=\"widget\" data-e-type=\"widget\" data-settings=\"{&quot;_animation&quot;:&quot;fadeInUp&quot;}\" data-widget_type=\"text-editor.default\">\n\t\t\t\t<div class=\"elementor-widget-container\">\n\t\t\t\t\t\t\t\t\t<ul><li>Pre-installation of A\/C<\/li><li>Furnished open kitchen<\/li><li>Private parking<\/li><li>Private swimming pool<\/li><li>Mediterranean style garden<\/li><\/ul>\t\t\t\t\t\t\t\t<\/div>\n\t\t\t\t<\/div>\n\t\t\t\t<div class=\"elementor-element elementor-element-c328bc0 elementor-widget-divider--view-line elementor-invisible elementor-widget elementor-widget-divider\" data-id=\"c328bc0\" data-element_type=\"widget\" data-e-type=\"widget\" data-settings=\"{&quot;_animation&quot;:&quot;fadeInUp&quot;}\" data-widget_type=\"divider.default\">\n\t\t\t\t<div class=\"elementor-widget-container\">\n\t\t\t\t\t\t\t<div class=\"elementor-divider\">\n\t\t\t<span class=\"elementor-divider-separator\">\n\t\t\t\t\t\t<\/span>\n\t\t<\/div>\n\t\t\t\t\t\t<\/div>\n\t\t\t\t<\/div>\n\t\t\t\t<div class=\"elementor-element elementor-element-b048b59 elementor-widget elementor-widget-spacer\" data-id=\"b048b59\" data-element_type=\"widget\" data-e-type=\"widget\" data-widget_type=\"spacer.default\">\n\t\t\t\t<div class=\"elementor-widget-container\">\n\t\t\t\t\t\t\t<div class=\"elementor-spacer\">\n\t\t\t<div class=\"elementor-spacer-inner\"><\/div>\n\t\t<\/div>\n\t\t\t\t\t\t<\/div>\n\t\t\t\t<\/div>\n\t\t\t\t<div class=\"elementor-element elementor-element-d98fdf5 elementor-align-right elementor-mobile-align-center elementor-invisible elementor-widget elementor-widget-button\" data-id=\"d98fdf5\" data-element_type=\"widget\" data-e-type=\"widget\" data-settings=\"{&quot;_animation&quot;:&quot;fadeInUp&quot;}\" data-widget_type=\"button.default\">\n\t\t\t\t<div class=\"elementor-widget-container\">\n\t\t\t\t\t\t\t\t\t<div class=\"elementor-button-wrapper\">\n\t\t\t\t\t<a class=\"elementor-button elementor-button-link elementor-size-sm\" href=\"https:\/\/grupovermell.com\/en\/contact\/\">\n\t\t\t\t\t\t<span class=\"elementor-button-content-wrapper\">\n\t\t\t\t\t\t\t\t\t<span class=\"elementor-button-text\">request information<\/span>\n\t\t\t\t\t<\/span>\n\t\t\t\t\t<\/a>\n\t\t\t\t<\/div>\n\t\t\t\t\t\t\t\t<\/div>\n\t\t\t\t<\/div>\n\t\t\t\t<\/div>\n\t\t\t\t<\/div>\n\t\t<div class=\"elementor-element elementor-element-4a587bb e-con-full e-flex e-con e-child\" data-id=\"4a587bb\" data-element_type=\"container\" data-e-type=\"container\" data-settings=\"{&quot;background_background&quot;:&quot;classic&quot;}\">\n\t\t<div class=\"elementor-element elementor-element-6e8ad43 e-con-full e-flex e-con e-child\" data-id=\"6e8ad43\" data-element_type=\"container\" data-e-type=\"container\">\n\t\t\t\t<div class=\"elementor-element elementor-element-fd60c1b elementor-invisible elementor-widget elementor-widget-heading\" data-id=\"fd60c1b\" data-element_type=\"widget\" data-e-type=\"widget\" data-settings=\"{&quot;_animation&quot;:&quot;fadeInUp&quot;}\" data-widget_type=\"heading.default\">\n\t\t\t\t<div class=\"elementor-widget-container\">\n\t\t\t\t\t<h3 class=\"elementor-heading-title elementor-size-default\">In Ciudad Quesada, Costa Blanca South<\/h3>\t\t\t\t<\/div>\n\t\t\t\t<\/div>\n\t\t\t\t<\/div>\n\t\t<div class=\"elementor-element elementor-element-6a9411f e-con-full e-flex e-con e-child\" data-id=\"6a9411f\" data-element_type=\"container\" data-e-type=\"container\">\n\t\t\t\t<div class=\"elementor-element elementor-element-8e76003 elementor-invisible elementor-widget elementor-widget-text-editor\" data-id=\"8e76003\" data-element_type=\"widget\" data-e-type=\"widget\" data-settings=\"{&quot;_animation&quot;:&quot;fadeInUp&quot;}\" data-widget_type=\"text-editor.default\">\n\t\t\t\t<div class=\"elementor-widget-container\">\n\t\t\t\t\t\t\t\t\t<p><strong>Menorca Residential<\/strong> is a new development of 12 modern villas designed on independent plots in Ciudad Quesada, Costa Blanca South. Homes with a constructed area of 119 m\u00b2, located on individual plots of 200 m\u00b2. Detached properties with 3 bedrooms and 2 bathrooms, spacious living-dining room with open plan fitted kitchen, with direct access to the terrace, private swimming pool and private parking.<\/p>\t\t\t\t\t\t\t\t<\/div>\n\t\t\t\t<\/div>\n\t\t\t\t<\/div>\n\t\t\t\t<\/div>\n\t\t\t\t<\/div>\n\t\t<div class=\"elementor-element elementor-element-ebe8caa e-con-full e-flex e-con e-parent\" data-id=\"ebe8caa\" data-element_type=\"container\" data-e-type=\"container\" data-settings=\"{&quot;background_background&quot;:&quot;classic&quot;}\">\n\t\t\t\t<div class=\"elementor-element elementor-element-6386a63 elementor-widget elementor-widget-premium-addon-video-box\" data-id=\"6386a63\" data-element_type=\"widget\" data-e-type=\"widget\" data-settings=\"{&quot;premium_video_box_video_type&quot;:&quot;youtube&quot;,&quot;aspect_ratio&quot;:&quot;169&quot;}\" data-widget_type=\"premium-addon-video-box.default\">\n\t\t\t\t<div class=\"elementor-widget-container\">\n\t\t\t\t\t\n\t\t\n\t\t\t\t\t<div id=\"premium-video-box-container-6386a63\" class=\"premium-video-box-container\" data-overlay=\"true\" data-type=\"youtube\" data-thumbnail=\"1\" data-hover=\"none\">\n\t\t\t\t<div  >\n\t\t\t\t\t\n\t\t\t\t\t<div class=\"premium-video-box-inner-wrap\" data-video-animation=\" animated-\" data-delay-animation=\"\">\n\t\t\t\t\t\t<div data-src=\"https:\/\/www.youtube.com\/embed\/-rWm3zTrXfA?feature=oembed&amp;rel=0&amp;mute=0&amp;loop=0&amp;controls=1&amp;playsinline=0&amp;cc_load_policy=0\" class=\"premium-video-box-video-container\">\n\t\t\t\t\t\t\t\n\t\t\t\t\t\t\t\t\t\t\t\t\t<\/div>\n\t\t\t\t\t\t\t<div style=\"background-image:url(&#039;https:\/\/grupovermell.com\/wp-content\/uploads\/2024\/04\/residencial-menorca-1.jpg&#039;)\" class=\"premium-video-box-image-container none\"><\/div>\n\t\t\t\t\t\t\t\t\t\t\t\t\t\t\t\t\t\t\t\t\t\t\t\t\t\t\t<div class=\"premium-video-box-play-icon-container\">\n\t\t\t\t\t\t\t\t<i class=\"premium-video-box-play-icon fa fa-play fa-lg\" aria-hidden=\"true\"><\/i>\n\t\t\t\t\t\t\t<\/div>\n\t\t\t\t\t\t\t\t\t\t\t\t\t\t\t\t\t<\/div>\n\n\t\t\t\t<\/div>\n\t\t\t<\/div>\n\t\t\n\t\t\t\t\t\t<\/div>\n\t\t\t\t<\/div>\n\t\t\t\t<\/div>\n\t\t<div class=\"elementor-element elementor-element-4aa8368 e-con-full e-flex e-con e-parent\" data-id=\"4aa8368\" data-element_type=\"container\" data-e-type=\"container\" data-settings=\"{&quot;background_background&quot;:&quot;classic&quot;}\">\n\t\t\t\t<div class=\"elementor-element elementor-element-f32334c elementor-invisible elementor-widget elementor-widget-heading\" data-id=\"f32334c\" data-element_type=\"widget\" data-e-type=\"widget\" data-settings=\"{&quot;_animation&quot;:&quot;fadeInUp&quot;}\" data-widget_type=\"heading.default\">\n\t\t\t\t<div class=\"elementor-widget-container\">\n\t\t\t\t\t<h2 class=\"elementor-heading-title elementor-size-default\">Location<\/h2>\t\t\t\t<\/div>\n\t\t\t\t<\/div>\n\t\t\t\t<\/div>\n\t\t<div class=\"elementor-element elementor-element-7e4151c e-con-full e-flex e-con e-parent\" data-id=\"7e4151c\" data-element_type=\"container\" data-e-type=\"container\" data-settings=\"{&quot;background_background&quot;:&quot;classic&quot;}\">\n\t\t\t\t<div class=\"elementor-element elementor-element-b5954bb elementor-widget elementor-widget-google_maps\" data-id=\"b5954bb\" data-element_type=\"widget\" data-e-type=\"widget\" data-widget_type=\"google_maps.default\">\n\t\t\t\t<div class=\"elementor-widget-container\">\n\t\t\t\t\t\t\t<div class=\"elementor-custom-embed\">\n\t\t\t<iframe loading=\"lazy\"\n\t\t\t\t\tsrc=\"https:\/\/maps.google.com\/maps?q=38.060836%2C%20-0.707388&#038;t=m&#038;z=11&#038;output=embed&#038;iwloc=near\"\n\t\t\t\t\ttitle=\"38.060836, -0.707388\"\n\t\t\t\t\taria-label=\"38.060836, -0.707388\"\n\t\t\t><\/iframe>\n\t\t<\/div>\n\t\t\t\t\t\t<\/div>\n\t\t\t\t<\/div>\n\t\t\t\t<\/div>\n\t\t\t\t<\/div>","protected":false},"excerpt":{"rendered":"<p>Residencial Menorca Main features Built area119 m\u00b2 Terrace area200 m\u00b2 Bedrooms 3 Toilets 2 Swimming pools 1 Pre-installed A\/C Open plan fitted kitchen Private parking Private swimming pool Private pool Mediterranean style garden request information In Ciudad Quesada, Costa Blanca South Residencial Menorca is a new development of 12 modern villas designed on independent plots in Ciudad Quesada, Costa Blanca South [...]<\/p>","protected":false},"author":1,"featured_media":0,"parent":6295,"menu_order":0,"comment_status":"closed","ping_status":"closed","template":"","meta":{"footnotes":""},"class_list":["post-6959","page","type-page","status-publish","hentry"],"yoast_head":"<!-- This site is optimized with the Yoast SEO plugin v26.3 - https:\/\/yoast.com\/wordpress\/plugins\/seo\/ -->\n<title>Residencial Menorca - Vermell<\/title>\n<meta name=\"robots\" content=\"index, follow, max-snippet:-1, max-image-preview:large, max-video-preview:-1\" \/>\n<link rel=\"canonical\" href=\"https:\/\/grupovermell.com\/en\/completed-projects\/residential-menorca\/\" \/>\n<meta property=\"og:locale\" content=\"en_US\" \/>\n<meta property=\"og:type\" content=\"article\" \/>\n<meta property=\"og:title\" content=\"Residencial Menorca - Vermell\" \/>\n<meta property=\"og:description\" content=\"Residencial Menorca Caracter\u00edsticas principales \u00c1rea construida119 m\u00b2 \u00c1rea terraza200 m\u00b2 Habitaciones 3 Aseos 2 Piscinas 1 Preinstalaci\u00f3n de A\/A Cocina abierta amueblada Parking privada Piscina privada Jard\u00edn estilo Mediterr\u00e1neo solicitar informaci\u00f3n En Ciudad Quesada, Costa Blanca Sur Residencial Menorca es una nueva promoci\u00f3n de 12 villas modernas dise\u00f1adas en parcelas independientes en Ciudad Quesada, Costa [&hellip;]\" \/>\n<meta property=\"og:url\" content=\"https:\/\/grupovermell.com\/en\/completed-projects\/residential-menorca\/\" \/>\n<meta property=\"og:site_name\" content=\"Vermell\" \/>\n<meta property=\"article:modified_time\" content=\"2024-06-12T11:43:31+00:00\" \/>\n<meta name=\"twitter:card\" content=\"summary_large_image\" \/>\n<meta name=\"twitter:label1\" content=\"Est. reading time\" \/>\n\t<meta name=\"twitter:data1\" content=\"1 minute\" \/>\n<script type=\"application\/ld+json\" class=\"yoast-schema-graph\">{\"@context\":\"https:\/\/schema.org\",\"@graph\":[{\"@type\":\"WebPage\",\"@id\":\"https:\/\/grupovermell.com\/proyectos-finalizados\/residencial-menorca\/\",\"url\":\"https:\/\/grupovermell.com\/proyectos-finalizados\/residencial-menorca\/\",\"name\":\"Residencial Menorca - Vermell\",\"isPartOf\":{\"@id\":\"https:\/\/grupovermell.com\/#website\"},\"datePublished\":\"2024-04-25T16:23:26+00:00\",\"dateModified\":\"2024-06-12T11:43:31+00:00\",\"breadcrumb\":{\"@id\":\"https:\/\/grupovermell.com\/proyectos-finalizados\/residencial-menorca\/#breadcrumb\"},\"inLanguage\":\"en-US\",\"potentialAction\":[{\"@type\":\"ReadAction\",\"target\":[\"https:\/\/grupovermell.com\/proyectos-finalizados\/residencial-menorca\/\"]}]},{\"@type\":\"BreadcrumbList\",\"@id\":\"https:\/\/grupovermell.com\/proyectos-finalizados\/residencial-menorca\/#breadcrumb\",\"itemListElement\":[{\"@type\":\"ListItem\",\"position\":1,\"name\":\"Portada\",\"item\":\"https:\/\/grupovermell.com\/\"},{\"@type\":\"ListItem\",\"position\":2,\"name\":\"Proyectos Finalizados\",\"item\":\"https:\/\/grupovermell.com\/proyectos-finalizados\/\"},{\"@type\":\"ListItem\",\"position\":3,\"name\":\"Residencial Menorca\"}]},{\"@type\":\"WebSite\",\"@id\":\"https:\/\/grupovermell.com\/#website\",\"url\":\"https:\/\/grupovermell.com\/\",\"name\":\"Vermell\",\"description\":\"Passionate about Properties\",\"publisher\":{\"@id\":\"https:\/\/grupovermell.com\/#organization\"},\"potentialAction\":[{\"@type\":\"SearchAction\",\"target\":{\"@type\":\"EntryPoint\",\"urlTemplate\":\"https:\/\/grupovermell.com\/?s={search_term_string}\"},\"query-input\":{\"@type\":\"PropertyValueSpecification\",\"valueRequired\":true,\"valueName\":\"search_term_string\"}}],\"inLanguage\":\"en-US\"},{\"@type\":\"Organization\",\"@id\":\"https:\/\/grupovermell.com\/#organization\",\"name\":\"Vermell\",\"url\":\"https:\/\/grupovermell.com\/\",\"logo\":{\"@type\":\"ImageObject\",\"inLanguage\":\"en-US\",\"@id\":\"https:\/\/grupovermell.com\/#\/schema\/logo\/image\/\",\"url\":\"https:\/\/grupovermell.com\/wp-content\/uploads\/2024\/03\/Logo-Vermel.png\",\"contentUrl\":\"https:\/\/grupovermell.com\/wp-content\/uploads\/2024\/03\/Logo-Vermel.png\",\"width\":600,\"height\":133,\"caption\":\"Vermell\"},\"image\":{\"@id\":\"https:\/\/grupovermell.com\/#\/schema\/logo\/image\/\"}}]}<\/script>\n<!-- \/ Yoast SEO plugin. -->","yoast_head_json":{"title":"Residential Menorca - Vermell","robots":{"index":"index","follow":"follow","max-snippet":"max-snippet:-1","max-image-preview":"max-image-preview:large","max-video-preview":"max-video-preview:-1"},"canonical":"https:\/\/grupovermell.com\/en\/completed-projects\/residential-menorca\/","og_locale":"en_US","og_type":"article","og_title":"Residencial Menorca - Vermell","og_description":"Residencial Menorca Caracter\u00edsticas principales \u00c1rea construida119 m\u00b2 \u00c1rea terraza200 m\u00b2 Habitaciones 3 Aseos 2 Piscinas 1 Preinstalaci\u00f3n de A\/A Cocina abierta amueblada Parking privada Piscina privada Jard\u00edn estilo Mediterr\u00e1neo solicitar informaci\u00f3n En Ciudad Quesada, Costa Blanca Sur Residencial Menorca es una nueva promoci\u00f3n de 12 villas modernas dise\u00f1adas en parcelas independientes en Ciudad Quesada, Costa [&hellip;]","og_url":"https:\/\/grupovermell.com\/en\/completed-projects\/residential-menorca\/","og_site_name":"Vermell","article_modified_time":"2024-06-12T11:43:31+00:00","twitter_card":"summary_large_image","twitter_misc":{"Est. reading time":"1 minute"},"schema":{"@context":"https:\/\/schema.org","@graph":[{"@type":"WebPage","@id":"https:\/\/grupovermell.com\/proyectos-finalizados\/residencial-menorca\/","url":"https:\/\/grupovermell.com\/proyectos-finalizados\/residencial-menorca\/","name":"Residential Menorca - Vermell","isPartOf":{"@id":"https:\/\/grupovermell.com\/#website"},"datePublished":"2024-04-25T16:23:26+00:00","dateModified":"2024-06-12T11:43:31+00:00","breadcrumb":{"@id":"https:\/\/grupovermell.com\/proyectos-finalizados\/residencial-menorca\/#breadcrumb"},"inLanguage":"en-US","potentialAction":[{"@type":"ReadAction","target":["https:\/\/grupovermell.com\/proyectos-finalizados\/residencial-menorca\/"]}]},{"@type":"BreadcrumbList","@id":"https:\/\/grupovermell.com\/proyectos-finalizados\/residencial-menorca\/#breadcrumb","itemListElement":[{"@type":"ListItem","position":1,"name":"Portada","item":"https:\/\/grupovermell.com\/"},{"@type":"ListItem","position":2,"name":"Proyectos Finalizados","item":"https:\/\/grupovermell.com\/proyectos-finalizados\/"},{"@type":"ListItem","position":3,"name":"Residencial Menorca"}]},{"@type":"WebSite","@id":"https:\/\/grupovermell.com\/#website","url":"https:\/\/grupovermell.com\/","name":"Vermell","description":"Passionate about Properties","publisher":{"@id":"https:\/\/grupovermell.com\/#organization"},"potentialAction":[{"@type":"SearchAction","target":{"@type":"EntryPoint","urlTemplate":"https:\/\/grupovermell.com\/?s={search_term_string}"},"query-input":{"@type":"PropertyValueSpecification","valueRequired":true,"valueName":"search_term_string"}}],"inLanguage":"en-US"},{"@type":"Organization","@id":"https:\/\/grupovermell.com\/#organization","name":"Vermell","url":"https:\/\/grupovermell.com\/","logo":{"@type":"ImageObject","inLanguage":"en-US","@id":"https:\/\/grupovermell.com\/#\/schema\/logo\/image\/","url":"https:\/\/grupovermell.com\/wp-content\/uploads\/2024\/03\/Logo-Vermel.png","contentUrl":"https:\/\/grupovermell.com\/wp-content\/uploads\/2024\/03\/Logo-Vermel.png","width":600,"height":133,"caption":"Vermell"},"image":{"@id":"https:\/\/grupovermell.com\/#\/schema\/logo\/image\/"}}]}},"_links":{"self":[{"href":"https:\/\/grupovermell.com\/en\/wp-json\/wp\/v2\/pages\/6959","targetHints":{"allow":["GET"]}}],"collection":[{"href":"https:\/\/grupovermell.com\/en\/wp-json\/wp\/v2\/pages"}],"about":[{"href":"https:\/\/grupovermell.com\/en\/wp-json\/wp\/v2\/types\/page"}],"author":[{"embeddable":true,"href":"https:\/\/grupovermell.com\/en\/wp-json\/wp\/v2\/users\/1"}],"replies":[{"embeddable":true,"href":"https:\/\/grupovermell.com\/en\/wp-json\/wp\/v2\/comments?post=6959"}],"version-history":[{"count":13,"href":"https:\/\/grupovermell.com\/en\/wp-json\/wp\/v2\/pages\/6959\/revisions"}],"predecessor-version":[{"id":8691,"href":"https:\/\/grupovermell.com\/en\/wp-json\/wp\/v2\/pages\/6959\/revisions\/8691"}],"up":[{"embeddable":true,"href":"https:\/\/grupovermell.com\/en\/wp-json\/wp\/v2\/pages\/6295"}],"wp:attachment":[{"href":"https:\/\/grupovermell.com\/en\/wp-json\/wp\/v2\/media?parent=6959"}],"curies":[{"name":"wp","href":"https:\/\/api.w.org\/{rel}","templated":true}]}}